{"id":535,"date":"2023-10-14T12:56:57","date_gmt":"2023-10-14T10:56:57","guid":{"rendered":"https:\/\/tanatorismena.com\/nuestra-historia\/"},"modified":"2024-01-31T20:35:34","modified_gmt":"2024-01-31T18:35:34","slug":"nuestra-historia","status":"publish","type":"page","link":"https:\/\/tanatorismena.com\/es\/nuestra-historia\/","title":{"rendered":"Nuestra historia"},"content":{"rendered":"<p>[et_pb_section fb_built=&#8221;1&#8243; custom_padding_last_edited=&#8221;on|phone&#8221; _builder_version=&#8221;4.23&#8243; _module_preset=&#8221;default&#8221; background_color=&#8221;#E8E6DF&#8221; background_image=&#8221;https:\/\/tanatorismena.com\/wp-content\/uploads\/2023\/11\/mena-web-patro-03.png&#8221; background_size=&#8221;contain&#8221; background_position=&#8221;bottom_center&#8221; custom_padding=&#8221;74px||150px|||&#8221; custom_padding_tablet=&#8221;40px||40px||false|false&#8221; custom_padding_phone=&#8221;40px||40px||false|false&#8221; global_colors_info=&#8221;{}&#8221;][et_pb_row column_structure=&#8221;1_2,1_2&#8243; use_custom_gutter=&#8221;on&#8221; gutter_width=&#8221;1&#8243; _builder_version=&#8221;4.23&#8243; _module_preset=&#8221;default&#8221; width=&#8221;90%&#8221; max_width=&#8221;1400px&#8221; custom_padding=&#8221;9px||||false|false&#8221; global_colors_info=&#8221;{}&#8221;][et_pb_column type=&#8221;1_2&#8243; _builder_version=&#8221;4.23&#8243; _module_preset=&#8221;default&#8221; global_colors_info=&#8221;{}&#8221;][et_pb_text _builder_version=&#8221;4.23&#8243; _module_preset=&#8221;default&#8221; text_font=&#8221;Suez One||||||||&#8221; text_text_color=&#8221;#CEB67A&#8221; text_font_size=&#8221;50px&#8221; text_line_height=&#8221;1.2em&#8221; header_text_color=&#8221;#CEB67A&#8221; custom_margin=&#8221;||26px|||&#8221; global_colors_info=&#8221;{}&#8221;]<\/p>\n<p>Nuestra <br \/>historia, <br \/>la historia de <br \/>nuestro padre<\/p>\n<p>[\/et_pb_text][et_pb_text _builder_version=&#8221;4.23&#8243; _module_preset=&#8221;default&#8221; text_font=&#8221;Acumin Text|300|||||||&#8221; text_text_color=&#8221;#004161&#8243; text_font_size=&#8221;18px&#8221; text_line_height=&#8221;1.4em&#8221; width=&#8221;90%&#8221; width_tablet=&#8221;auto&#8221; width_phone=&#8221;auto&#8221; width_last_edited=&#8221;on|phone&#8221; global_colors_info=&#8221;{}&#8221;]<\/p>\n<p style=\"text-align: justify;\">Mena es una empresa familiar, una historia de dedicaci\u00f3n, perseverancia y amor por el servicio que ofrecemos.<\/p>\n<p style=\"text-align: justify;\"><span style=\"font-weight: 400;\">Todo empez\u00f3 con nuestro padre, Francisco Mena Margalef (1937-2023), que dedic\u00f3 toda su vida profesional al sector funerario. De muy joven, ingres\u00f3 como contable en una f\u00e1brica de art\u00edculos funerarios en M\u00f3ra d&#8217;Ebre. A medida que los a\u00f1os pasaban fue forjando relaciones con las personas que conformaban el coraz\u00f3n del sector funerario: los carpinteros de los pueblos. As\u00ed, se convirti\u00f3 en vendedor de ata\u00fades y art\u00edculos funerarios a escala nacional.<\/span><\/p>\n<p>[\/et_pb_text][\/et_pb_column][et_pb_column type=&#8221;1_2&#8243; _builder_version=&#8221;4.23&#8243; _module_preset=&#8221;default&#8221; custom_padding=&#8221;|||90px|false|false&#8221; custom_padding_tablet=&#8221;|||0px|false|false&#8221; custom_padding_phone=&#8221;||||false|false&#8221; custom_padding_last_edited=&#8221;on|phone&#8221; global_colors_info=&#8221;{}&#8221;][et_pb_text _builder_version=&#8221;4.23&#8243; _module_preset=&#8221;default&#8221; text_font=&#8221;Acumin Text|300|||||||&#8221; text_text_color=&#8221;#004161&#8243; text_font_size=&#8221;18px&#8221; text_line_height=&#8221;1.4em&#8221; text_orientation=&#8221;justified&#8221; background_layout=&#8221;dark&#8221; width=&#8221;100%&#8221; module_alignment=&#8221;left&#8221; custom_margin=&#8221;0px||27px||false|false&#8221; custom_margin_tablet=&#8221;10px||||false|false&#8221; custom_margin_phone=&#8221;10px||||false|false&#8221; custom_margin_last_edited=&#8221;on|phone&#8221; global_colors_info=&#8221;{}&#8221;]<\/p>\n<p>El siguiente paso en su viaje lo llev\u00f3 en Cap\u00e7anes, donde decidi\u00f3 hacer un salto y establecer su propia f\u00e1brica de ata\u00fades. Durando casi cuatro d\u00e9cadas, esta f\u00e1brica fue el epicentro de su vida.<\/p>\n<p class=\"normal\">Sin embargo, como en todas las historias, lleg\u00f3 un momento de cambio. La entrada de productos funerarios extranjeros m\u00e1s mecanizados y con precios competitivos desafi\u00f3 el camino que Francisco hab\u00eda trazado. Pero en lugar de ceder, supo que era hora de evolucionar. As\u00ed se condujo la empresa hacia el \u00e1mbito de los servicios funerarios, sirviendo a las comunidades pr\u00f3ximas.<\/p>\n<p class=\"normal\">Teniendo en cuenta las necesidades de las poblaciones medias y peque\u00f1as del territorio, la empresa se enfoc\u00f3 en las salas de velatorio, c\u00e9ntricas y accesibles, que se han convertido en un lugar de apoyo en momentos dif\u00edciles, encarnando su compromiso con la comunidad.<\/p>\n<p class=\"normal\">La empresa que Francisco construy\u00f3 es un reflejo de su esp\u00edritu: independiente, arraigada y profundamente comprometida. En un mundo donde las grandes corporaciones y grupos multinacionales dominan el mercado, \u00e9l eligi\u00f3 un camino diferente. Mantuvo su empresa peque\u00f1a y conectada con la tierra que le vio crecer, evitando la trampa de la poca personalidad y la desconexi\u00f3n.<\/p>\n<p class=\"normal\">Desde hace 15 a\u00f1os, su hija y un equipo de colaboradores\u00a0seguimos su legado con humildad y orgullo. Continuamos sirviendo nuestras comunidades, honrando la tradici\u00f3n y la dedicaci\u00f3n que nuestro padre nos dej\u00f3.<\/p>\n<p>[\/et_pb_text][\/et_pb_column][\/et_pb_row][\/et_pb_section][et_pb_section fb_built=&#8221;1&#8243; _builder_version=&#8221;4.22.2&#8243; _module_preset=&#8221;default&#8221; background_color=&#8221;#004161&#8243; custom_padding=&#8221;19px||19px||true|&#8221; global_colors_info=&#8221;{}&#8221;][et_pb_row _builder_version=&#8221;4.22.2&#8243; _module_preset=&#8221;default&#8221; custom_padding=&#8221;12px||9px|||&#8221; global_colors_info=&#8221;{}&#8221;][et_pb_column type=&#8221;4_4&#8243; _builder_version=&#8221;4.22.2&#8243; _module_preset=&#8221;default&#8221; global_colors_info=&#8221;{}&#8221;][et_pb_text _builder_version=&#8221;4.23&#8243; _module_preset=&#8221;default&#8221; text_font=&#8221;|300|||||||&#8221; text_text_color=&#8221;#FFFFFF&#8221; text_font_size=&#8221;16px&#8221; custom_margin=&#8221;||12px|||&#8221; global_colors_info=&#8221;{}&#8221;]<\/p>\n<p style=\"text-align: center;\"><span style=\"color: #ffffff;\"><a style=\"color: #ffffff;\" href=\"https:\/\/tanatorismena.com\/es\/politica-de-privadesa\/\">Aviso legal, pol\u00edtica de privacidad y de cookies<\/a><\/span><\/p>\n<p>[\/et_pb_text][et_pb_text _builder_version=&#8221;4.23.1&#8243; _module_preset=&#8221;default&#8221; text_font=&#8221;|300|||||||&#8221; text_text_color=&#8221;#FFFFFF&#8221; text_font_size=&#8221;16px&#8221; hover_enabled=&#8221;0&#8243; global_colors_info=&#8221;{}&#8221; sticky_enabled=&#8221;0&#8243;]<\/p>\n<p style=\"text-align: center;\"><span style=\"color: #ffffff;\"><b>\u00a9 <\/b>Mena Serveis Funeraris | 2023 | por <a style=\"color: #ffffff;\" href=\"https:\/\/julialarrosa.com\" target=\"_blank\" rel=\"noopener\">J\u00falia Larrosa<\/a> y\u00a0<br \/><a style=\"color: #ffffff;\" href=\"https:\/\/elfarcooperatiu.cat\" target=\"_blank\" rel=\"noopener\">El Far Cooperatiu<\/a><\/span><\/p>\n<p>[\/et_pb_text][\/et_pb_column][\/et_pb_row][\/et_pb_section]<\/p>\n","protected":false},"excerpt":{"rendered":"<p>Nuestra historia, la historia de nuestro padreMena es una empresa familiar, una historia de dedicaci\u00f3n, perseverancia y amor por el servicio que ofrecemos. Todo empez\u00f3 con nuestro padre, Francisco Mena Margalef (1937-2023), que dedic\u00f3 toda su vida profesional al sector funerario. De muy joven, ingres\u00f3 como contable en una f\u00e1brica de art\u00edculos funerarios en M\u00f3ra [&hellip;]<\/p>\n","protected":false},"author":1,"featured_media":0,"parent":0,"menu_order":0,"comment_status":"closed","ping_status":"closed","template":"","meta":{"_et_pb_use_builder":"on","_et_pb_old_content":"","_et_gb_content_width":"","footnotes":""},"class_list":["post-535","page","type-page","status-publish","hentry"],"yoast_head":"<!-- This site is optimized with the Yoast SEO plugin v23.6 - https:\/\/yoast.com\/wordpress\/plugins\/seo\/ -->\n<title>Nuestra historia - Mena<\/title>\n<meta name=\"description\" content=\"La funeraria de siempre de nuestras comarcas. Ofrecemos un servicio integral del proceso funerario desde la proximidad y la profesionalidad.\" \/>\n<meta name=\"robots\" content=\"index, follow, max-snippet:-1, max-image-preview:large, max-video-preview:-1\" \/>\n<link rel=\"canonical\" href=\"https:\/\/tanatorismena.com\/es\/nuestra-historia\/\" \/>\n<meta property=\"og:locale\" content=\"es_ES\" \/>\n<meta property=\"og:type\" content=\"article\" \/>\n<meta property=\"og:title\" content=\"Nuestra historia - Mena\" \/>\n<meta property=\"og:description\" content=\"La funeraria de siempre de nuestras comarcas. Ofrecemos un servicio integral del proceso funerario desde la proximidad y la profesionalidad.\" \/>\n<meta property=\"og:url\" content=\"https:\/\/tanatorismena.com\/es\/nuestra-historia\/\" \/>\n<meta property=\"og:site_name\" content=\"Mena\" \/>\n<meta property=\"article:modified_time\" content=\"2024-01-31T18:35:34+00:00\" \/>\n<meta property=\"og:image\" content=\"https:\/\/tanatorismena.com\/wp-content\/uploads\/2023\/11\/mena-logobeix-menu.png\" \/>\n\t<meta property=\"og:image:width\" content=\"709\" \/>\n\t<meta property=\"og:image:height\" content=\"244\" \/>\n\t<meta property=\"og:image:type\" content=\"image\/png\" \/>\n<meta name=\"twitter:card\" content=\"summary_large_image\" \/>\n<meta name=\"twitter:label1\" content=\"Tiempo de lectura\" \/>\n\t<meta name=\"twitter:data1\" content=\"4 minutos\" \/>\n<script type=\"application\/ld+json\" class=\"yoast-schema-graph\">{\"@context\":\"https:\/\/schema.org\",\"@graph\":[{\"@type\":\"WebPage\",\"@id\":\"https:\/\/tanatorismena.com\/es\/nuestra-historia\/\",\"url\":\"https:\/\/tanatorismena.com\/es\/nuestra-historia\/\",\"name\":\"Nuestra historia - Mena\",\"isPartOf\":{\"@id\":\"https:\/\/tanatorismena.com\/es\/#website\"},\"datePublished\":\"2023-10-14T10:56:57+00:00\",\"dateModified\":\"2024-01-31T18:35:34+00:00\",\"description\":\"La funeraria de siempre de nuestras comarcas. Ofrecemos un servicio integral del proceso funerario desde la proximidad y la profesionalidad.\",\"breadcrumb\":{\"@id\":\"https:\/\/tanatorismena.com\/es\/nuestra-historia\/#breadcrumb\"},\"inLanguage\":\"es\",\"potentialAction\":[{\"@type\":\"ReadAction\",\"target\":[\"https:\/\/tanatorismena.com\/es\/nuestra-historia\/\"]}]},{\"@type\":\"BreadcrumbList\",\"@id\":\"https:\/\/tanatorismena.com\/es\/nuestra-historia\/#breadcrumb\",\"itemListElement\":[{\"@type\":\"ListItem\",\"position\":1,\"name\":\"Inici\",\"item\":\"https:\/\/tanatorismena.com\/es\/\"},{\"@type\":\"ListItem\",\"position\":2,\"name\":\"Nuestra historia\"}]},{\"@type\":\"WebSite\",\"@id\":\"https:\/\/tanatorismena.com\/es\/#website\",\"url\":\"https:\/\/tanatorismena.com\/es\/\",\"name\":\"Mena - serveis funeraris\",\"description\":\"Serveis funeraris\",\"publisher\":{\"@id\":\"https:\/\/tanatorismena.com\/es\/#organization\"},\"alternateName\":\"Funer\u00e0ria Mena\",\"potentialAction\":[{\"@type\":\"SearchAction\",\"target\":{\"@type\":\"EntryPoint\",\"urlTemplate\":\"https:\/\/tanatorismena.com\/es\/?s={search_term_string}\"},\"query-input\":{\"@type\":\"PropertyValueSpecification\",\"valueRequired\":true,\"valueName\":\"search_term_string\"}}],\"inLanguage\":\"es\"},{\"@type\":\"Organization\",\"@id\":\"https:\/\/tanatorismena.com\/es\/#organization\",\"name\":\"Funer\u00e0ria Mena\",\"alternateName\":\"Funer\u00e0ria Mena\",\"url\":\"https:\/\/tanatorismena.com\/es\/\",\"logo\":{\"@type\":\"ImageObject\",\"inLanguage\":\"es\",\"@id\":\"https:\/\/tanatorismena.com\/es\/#\/schema\/logo\/image\/\",\"url\":\"https:\/\/tanatorismena.com\/wp-content\/uploads\/2023\/11\/mena-logobeix-menu.png\",\"contentUrl\":\"https:\/\/tanatorismena.com\/wp-content\/uploads\/2023\/11\/mena-logobeix-menu.png\",\"width\":709,\"height\":244,\"caption\":\"Funer\u00e0ria Mena\"},\"image\":{\"@id\":\"https:\/\/tanatorismena.com\/es\/#\/schema\/logo\/image\/\"}}]}<\/script>\n<!-- \/ Yoast SEO plugin. -->","yoast_head_json":{"title":"Nuestra historia - Mena","description":"La funeraria de siempre de nuestras comarcas. Ofrecemos un servicio integral del proceso funerario desde la proximidad y la profesionalidad.","robots":{"index":"index","follow":"follow","max-snippet":"max-snippet:-1","max-image-preview":"max-image-preview:large","max-video-preview":"max-video-preview:-1"},"canonical":"https:\/\/tanatorismena.com\/es\/nuestra-historia\/","og_locale":"es_ES","og_type":"article","og_title":"Nuestra historia - Mena","og_description":"La funeraria de siempre de nuestras comarcas. Ofrecemos un servicio integral del proceso funerario desde la proximidad y la profesionalidad.","og_url":"https:\/\/tanatorismena.com\/es\/nuestra-historia\/","og_site_name":"Mena","article_modified_time":"2024-01-31T18:35:34+00:00","og_image":[{"width":709,"height":244,"url":"https:\/\/tanatorismena.com\/wp-content\/uploads\/2023\/11\/mena-logobeix-menu.png","type":"image\/png"}],"twitter_card":"summary_large_image","twitter_misc":{"Tiempo de lectura":"4 minutos"},"schema":{"@context":"https:\/\/schema.org","@graph":[{"@type":"WebPage","@id":"https:\/\/tanatorismena.com\/es\/nuestra-historia\/","url":"https:\/\/tanatorismena.com\/es\/nuestra-historia\/","name":"Nuestra historia - Mena","isPartOf":{"@id":"https:\/\/tanatorismena.com\/es\/#website"},"datePublished":"2023-10-14T10:56:57+00:00","dateModified":"2024-01-31T18:35:34+00:00","description":"La funeraria de siempre de nuestras comarcas. Ofrecemos un servicio integral del proceso funerario desde la proximidad y la profesionalidad.","breadcrumb":{"@id":"https:\/\/tanatorismena.com\/es\/nuestra-historia\/#breadcrumb"},"inLanguage":"es","potentialAction":[{"@type":"ReadAction","target":["https:\/\/tanatorismena.com\/es\/nuestra-historia\/"]}]},{"@type":"BreadcrumbList","@id":"https:\/\/tanatorismena.com\/es\/nuestra-historia\/#breadcrumb","itemListElement":[{"@type":"ListItem","position":1,"name":"Inici","item":"https:\/\/tanatorismena.com\/es\/"},{"@type":"ListItem","position":2,"name":"Nuestra historia"}]},{"@type":"WebSite","@id":"https:\/\/tanatorismena.com\/es\/#website","url":"https:\/\/tanatorismena.com\/es\/","name":"Mena - serveis funeraris","description":"Serveis funeraris","publisher":{"@id":"https:\/\/tanatorismena.com\/es\/#organization"},"alternateName":"Funer\u00e0ria Mena","potentialAction":[{"@type":"SearchAction","target":{"@type":"EntryPoint","urlTemplate":"https:\/\/tanatorismena.com\/es\/?s={search_term_string}"},"query-input":{"@type":"PropertyValueSpecification","valueRequired":true,"valueName":"search_term_string"}}],"inLanguage":"es"},{"@type":"Organization","@id":"https:\/\/tanatorismena.com\/es\/#organization","name":"Funer\u00e0ria Mena","alternateName":"Funer\u00e0ria Mena","url":"https:\/\/tanatorismena.com\/es\/","logo":{"@type":"ImageObject","inLanguage":"es","@id":"https:\/\/tanatorismena.com\/es\/#\/schema\/logo\/image\/","url":"https:\/\/tanatorismena.com\/wp-content\/uploads\/2023\/11\/mena-logobeix-menu.png","contentUrl":"https:\/\/tanatorismena.com\/wp-content\/uploads\/2023\/11\/mena-logobeix-menu.png","width":709,"height":244,"caption":"Funer\u00e0ria Mena"},"image":{"@id":"https:\/\/tanatorismena.com\/es\/#\/schema\/logo\/image\/"}}]}},"_links":{"self":[{"href":"https:\/\/tanatorismena.com\/es\/wp-json\/wp\/v2\/pages\/535","targetHints":{"allow":["GET"]}}],"collection":[{"href":"https:\/\/tanatorismena.com\/es\/wp-json\/wp\/v2\/pages"}],"about":[{"href":"https:\/\/tanatorismena.com\/es\/wp-json\/wp\/v2\/types\/page"}],"author":[{"embeddable":true,"href":"https:\/\/tanatorismena.com\/es\/wp-json\/wp\/v2\/users\/1"}],"replies":[{"embeddable":true,"href":"https:\/\/tanatorismena.com\/es\/wp-json\/wp\/v2\/comments?post=535"}],"version-history":[{"count":8,"href":"https:\/\/tanatorismena.com\/es\/wp-json\/wp\/v2\/pages\/535\/revisions"}],"predecessor-version":[{"id":612,"href":"https:\/\/tanatorismena.com\/es\/wp-json\/wp\/v2\/pages\/535\/revisions\/612"}],"wp:attachment":[{"href":"https:\/\/tanatorismena.com\/es\/wp-json\/wp\/v2\/media?parent=535"}],"curies":[{"name":"wp","href":"https:\/\/api.w.org\/{rel}","templated":true}]}}