{"id":574,"date":"2023-10-14T12:58:06","date_gmt":"2023-10-14T10:58:06","guid":{"rendered":"https:\/\/tanatorismena.com\/pedir-presupuesto\/"},"modified":"2024-06-26T10:14:20","modified_gmt":"2024-06-26T08:14:20","slug":"pedir-presupuesto","status":"publish","type":"page","link":"https:\/\/tanatorismena.com\/es\/pedir-presupuesto\/","title":{"rendered":"Pedir presupuesto"},"content":{"rendered":"<p>[et_pb_section fb_built=&#8221;1&#8243; custom_padding_last_edited=&#8221;on|phone&#8221; _builder_version=&#8221;4.23&#8243; _module_preset=&#8221;default&#8221; background_color=&#8221;#E8E6DF&#8221; background_image=&#8221;https:\/\/tanatorismena.com\/wp-content\/uploads\/2023\/11\/mena-web-patro-03.png&#8221; background_size=&#8221;contain&#8221; background_position=&#8221;bottom_center&#8221; custom_padding=&#8221;||130px|||&#8221; custom_padding_tablet=&#8221;||40px||false|false&#8221; custom_padding_phone=&#8221;||40px||false|false&#8221; global_colors_info=&#8221;{}&#8221;][et_pb_row column_structure=&#8221;1_2,1_2&#8243; use_custom_gutter=&#8221;on&#8221; gutter_width=&#8221;1&#8243; make_equal=&#8221;on&#8221; disabled_on=&#8221;on|on|off&#8221; _builder_version=&#8221;4.23&#8243; _module_preset=&#8221;default&#8221; custom_padding=&#8221;9px||0px|||&#8221; custom_css_main_element=&#8221;align-items: center;&#8221; global_colors_info=&#8221;{}&#8221;][et_pb_column type=&#8221;1_2&#8243; _builder_version=&#8221;4.22.2&#8243; _module_preset=&#8221;default&#8221; global_colors_info=&#8221;{}&#8221;][et_pb_text _builder_version=&#8221;4.23&#8243; _module_preset=&#8221;default&#8221; text_font=&#8221;Suez One||||||||&#8221; text_text_color=&#8221;#004161&#8243; text_font_size=&#8221;50px&#8221; text_line_height=&#8221;1.2em&#8221; custom_margin=&#8221;||26px|||&#8221; global_colors_info=&#8221;{}&#8221;]<\/p>\n<p>Pedir<br \/>presupuesto<\/p>\n<p>[\/et_pb_text][et_pb_text _builder_version=&#8221;4.22.2&#8243; _module_preset=&#8221;default&#8221; text_font=&#8221;Acumin Text|500|||||||&#8221; text_text_color=&#8221;#004161&#8243; text_font_size=&#8221;35px&#8221; text_line_height=&#8221;1.2em&#8221; module_alignment=&#8221;left&#8221; custom_margin=&#8221;||27px|||&#8221; global_colors_info=&#8221;{}&#8221;]<\/p>\n<p>Sin intermediarios<br \/>y desde la transparencia<\/p>\n<p>[\/et_pb_text][\/et_pb_column][et_pb_column type=&#8221;1_2&#8243; _builder_version=&#8221;4.22.2&#8243; _module_preset=&#8221;default&#8221; custom_padding=&#8221;|||90px|false|false&#8221; custom_padding_tablet=&#8221;|||90px|false|false&#8221; custom_padding_phone=&#8221;|||90px|false|false&#8221; custom_padding_last_edited=&#8221;on|desktop&#8221; global_colors_info=&#8221;{}&#8221;][et_pb_text _builder_version=&#8221;4.22.2&#8243; _module_preset=&#8221;default&#8221; text_font=&#8221;Acumin Text|300|||||||&#8221; text_text_color=&#8221;#004161&#8243; text_font_size=&#8221;30px&#8221; text_line_height=&#8221;1.2em&#8221; custom_margin=&#8221;||27px|||&#8221; global_colors_info=&#8221;{}&#8221;]<\/p>\n<p>Asistencia 24 horas<br \/>los 365 dias del a\u00f1o.<\/p>\n<p>[\/et_pb_text][et_pb_button button_url=&#8221;tel:600515225&#8243; button_text=&#8221;600 515 225&#8243; button_alignment=&#8221;left&#8221; _builder_version=&#8221;4.22.2&#8243; _module_preset=&#8221;default&#8221; custom_button=&#8221;on&#8221; button_text_color=&#8221;#FFFFFF&#8221; button_bg_color=&#8221;#004161&#8243; button_border_width=&#8221;0px&#8221; button_border_radius=&#8221;10px&#8221; button_font=&#8221;Acumin Text|300|||||||&#8221; custom_margin=&#8221;||||false|false&#8221; custom_padding=&#8221;7px||3px||false|false&#8221; global_colors_info=&#8221;{}&#8221;][\/et_pb_button][et_pb_button button_url=&#8221;tel:630064056&#8243; button_text=&#8221;630 064 056&#8243; button_alignment=&#8221;left&#8221; _builder_version=&#8221;4.22.2&#8243; _module_preset=&#8221;default&#8221; custom_button=&#8221;on&#8221; button_text_color=&#8221;#FFFFFF&#8221; button_bg_color=&#8221;#004161&#8243; button_border_width=&#8221;0px&#8221; button_border_radius=&#8221;10px&#8221; button_font=&#8221;Acumin Text|300|||||||&#8221; custom_margin=&#8221;10px||||false|false&#8221; custom_padding=&#8221;7px||3px||false|false&#8221; global_colors_info=&#8221;{}&#8221;][\/et_pb_button][\/et_pb_column][\/et_pb_row][et_pb_row use_custom_gutter=&#8221;on&#8221; gutter_width=&#8221;1&#8243; make_equal=&#8221;on&#8221; disabled_on=&#8221;off|off|on&#8221; _builder_version=&#8221;4.23&#8243; _module_preset=&#8221;default&#8221; custom_padding=&#8221;9px||0px|||&#8221; custom_css_main_element=&#8221;align-items: center;&#8221; global_colors_info=&#8221;{}&#8221;][et_pb_column type=&#8221;4_4&#8243; _builder_version=&#8221;4.22.2&#8243; _module_preset=&#8221;default&#8221; global_colors_info=&#8221;{}&#8221;][et_pb_text _builder_version=&#8221;4.23&#8243; _module_preset=&#8221;default&#8221; text_font=&#8221;Suez One||||||||&#8221; text_text_color=&#8221;#004161&#8243; text_font_size=&#8221;50px&#8221; text_line_height=&#8221;1.2em&#8221; custom_margin=&#8221;||26px|||&#8221; global_colors_info=&#8221;{}&#8221;]<\/p>\n<p>Pedir<br \/>presupuesto<\/p>\n<p>[\/et_pb_text][et_pb_text _builder_version=&#8221;4.22.2&#8243; _module_preset=&#8221;default&#8221; text_font=&#8221;Acumin Text|500|||||||&#8221; text_text_color=&#8221;#004161&#8243; text_font_size=&#8221;35px&#8221; text_line_height=&#8221;1.2em&#8221; module_alignment=&#8221;left&#8221; custom_margin=&#8221;||27px|||&#8221; global_colors_info=&#8221;{}&#8221;]<\/p>\n<p>Sin intermediarios y desde la transparencia<\/p>\n<p>[\/et_pb_text][et_pb_text _builder_version=&#8221;4.22.2&#8243; _module_preset=&#8221;default&#8221; text_font=&#8221;Acumin Text|300|||||||&#8221; text_text_color=&#8221;#004161&#8243; text_font_size=&#8221;30px&#8221; text_line_height=&#8221;1.2em&#8221; custom_margin=&#8221;||27px|||&#8221; global_colors_info=&#8221;{}&#8221;]<\/p>\n<p>Asistencia 24 horas los 365 d\u00edas del a\u00f1o.<\/p>\n<p>[\/et_pb_text][et_pb_button button_url=&#8221;tel:600515225&#8243; button_text=&#8221;600 515 225&#8243; button_alignment=&#8221;left&#8221; _builder_version=&#8221;4.22.2&#8243; _module_preset=&#8221;default&#8221; custom_button=&#8221;on&#8221; button_text_color=&#8221;#FFFFFF&#8221; button_bg_color=&#8221;#004161&#8243; button_border_width=&#8221;0px&#8221; button_border_radius=&#8221;10px&#8221; button_font=&#8221;Acumin Text|300|||||||&#8221; custom_margin=&#8221;||||false|false&#8221; custom_padding=&#8221;7px||3px||false|false&#8221; global_colors_info=&#8221;{}&#8221;][\/et_pb_button][et_pb_button button_url=&#8221;tel:630064056&#8243; button_text=&#8221;630 064 056&#8243; button_alignment=&#8221;left&#8221; _builder_version=&#8221;4.22.2&#8243; _module_preset=&#8221;default&#8221; custom_button=&#8221;on&#8221; button_text_color=&#8221;#FFFFFF&#8221; button_bg_color=&#8221;#004161&#8243; button_border_width=&#8221;0px&#8221; button_border_radius=&#8221;10px&#8221; button_font=&#8221;Acumin Text|300|||||||&#8221; custom_margin=&#8221;10px||||false|false&#8221; custom_padding=&#8221;7px||3px||false|false&#8221; global_colors_info=&#8221;{}&#8221;][\/et_pb_button][\/et_pb_column][\/et_pb_row][et_pb_row _builder_version=&#8221;4.22.2&#8243; _module_preset=&#8221;default&#8221; global_colors_info=&#8221;{}&#8221;][et_pb_column type=&#8221;4_4&#8243; _builder_version=&#8221;4.22.2&#8243; _module_preset=&#8221;default&#8221; global_colors_info=&#8221;{}&#8221;][et_pb_contact_form email=&#8221;info@tanatorismena.com&#8221; success_message=&#8221;Muchas gracias por enviarnos su petici\u00f3n de presupuesto. Le contestaremos lo antes posibleviar-nos la vostra petici\u00f3 de pressupost. Us contestarem el m\u00e9s aviat possible&#8221; submit_button_text=&#8221;Enviar&#8221; _builder_version=&#8221;4.24.3&#8243; _module_preset=&#8221;default&#8221; _unique_id=&#8221;dbdc9f49-267c-4dfe-9b92-476a05ae17fc&#8221; form_field_background_color=&#8221;#FFFFFF&#8221; form_field_text_color=&#8221;#004161&#8243; form_field_focus_text_color=&#8221;#004161&#8243; title_text_color=&#8221;#004161&#8243; form_field_font=&#8221;Acumin Text||||||||&#8221; form_field_font_size=&#8221;18px&#8221; custom_button=&#8221;on&#8221; button_text_color=&#8221;#FFFFFF&#8221; button_bg_color=&#8221;#004161&#8243; button_border_width=&#8221;0px&#8221; button_border_radius=&#8221;10px&#8221; button_font=&#8221;Acumin Text|300|||||||&#8221; hover_enabled=&#8221;0&#8243; border_radii=&#8221;on|10px|10px|10px|10px&#8221; global_colors_info=&#8221;{}&#8221; sticky_enabled=&#8221;0&#8243;][et_pb_contact_field field_id=&#8221;Nom&#8221; field_title=&#8221;Nombre y apellidos&#8221; _builder_version=&#8221;4.22.2&#8243; global_colors_info=&#8221;{}&#8221; button_text_size__hover_enabled=&#8221;off&#8221; button_one_text_size__hover_enabled=&#8221;off&#8221; button_two_text_size__hover_enabled=&#8221;off&#8221; button_text_color__hover_enabled=&#8221;off&#8221; button_one_text_color__hover_enabled=&#8221;off&#8221; button_two_text_color__hover_enabled=&#8221;off&#8221; button_border_width__hover_enabled=&#8221;off&#8221; button_one_border_width__hover_enabled=&#8221;off&#8221; button_two_border_width__hover_enabled=&#8221;off&#8221; button_border_color__hover_enabled=&#8221;off&#8221; button_one_border_color__hover_enabled=&#8221;off&#8221; button_two_border_color__hover_enabled=&#8221;off&#8221; button_border_radius__hover_enabled=&#8221;off&#8221; button_one_border_radius__hover_enabled=&#8221;off&#8221; button_two_border_radius__hover_enabled=&#8221;off&#8221; button_letter_spacing__hover_enabled=&#8221;off&#8221; button_one_letter_spacing__hover_enabled=&#8221;off&#8221; button_two_letter_spacing__hover_enabled=&#8221;off&#8221; button_bg_color__hover_enabled=&#8221;off&#8221; button_one_bg_color__hover_enabled=&#8221;off&#8221; button_two_bg_color__hover_enabled=&#8221;off&#8221;][\/et_pb_contact_field][et_pb_contact_field field_id=&#8221;Mail&#8221; field_title=&#8221;Correo electr\u00f3nico&#8221; _builder_version=&#8221;4.24.3&#8243; hover_enabled=&#8221;0&#8243; global_colors_info=&#8221;{}&#8221; button_text_size__hover_enabled=&#8221;off&#8221; button_one_text_size__hover_enabled=&#8221;off&#8221; button_two_text_size__hover_enabled=&#8221;off&#8221; button_text_color__hover_enabled=&#8221;off&#8221; button_one_text_color__hover_enabled=&#8221;off&#8221; button_two_text_color__hover_enabled=&#8221;off&#8221; button_border_width__hover_enabled=&#8221;off&#8221; button_one_border_width__hover_enabled=&#8221;off&#8221; button_two_border_width__hover_enabled=&#8221;off&#8221; button_border_color__hover_enabled=&#8221;off&#8221; button_one_border_color__hover_enabled=&#8221;off&#8221; button_two_border_color__hover_enabled=&#8221;off&#8221; button_border_radius__hover_enabled=&#8221;off&#8221; button_one_border_radius__hover_enabled=&#8221;off&#8221; button_two_border_radius__hover_enabled=&#8221;off&#8221; button_letter_spacing__hover_enabled=&#8221;off&#8221; button_one_letter_spacing__hover_enabled=&#8221;off&#8221; button_two_letter_spacing__hover_enabled=&#8221;off&#8221; button_bg_color__hover_enabled=&#8221;off&#8221; button_one_bg_color__hover_enabled=&#8221;off&#8221; button_two_bg_color__hover_enabled=&#8221;off&#8221; sticky_enabled=&#8221;0&#8243;][\/et_pb_contact_field][et_pb_contact_field field_id=&#8221;Telefon&#8221; field_title=&#8221;Tel\u00e9fono&#8221; _builder_version=&#8221;4.22.2&#8243; global_colors_info=&#8221;{}&#8221; button_text_size__hover_enabled=&#8221;off&#8221; button_one_text_size__hover_enabled=&#8221;off&#8221; button_two_text_size__hover_enabled=&#8221;off&#8221; button_text_color__hover_enabled=&#8221;off&#8221; button_one_text_color__hover_enabled=&#8221;off&#8221; button_two_text_color__hover_enabled=&#8221;off&#8221; button_border_width__hover_enabled=&#8221;off&#8221; button_one_border_width__hover_enabled=&#8221;off&#8221; button_two_border_width__hover_enabled=&#8221;off&#8221; button_border_color__hover_enabled=&#8221;off&#8221; button_one_border_color__hover_enabled=&#8221;off&#8221; button_two_border_color__hover_enabled=&#8221;off&#8221; button_border_radius__hover_enabled=&#8221;off&#8221; button_one_border_radius__hover_enabled=&#8221;off&#8221; button_two_border_radius__hover_enabled=&#8221;off&#8221; button_letter_spacing__hover_enabled=&#8221;off&#8221; button_one_letter_spacing__hover_enabled=&#8221;off&#8221; button_two_letter_spacing__hover_enabled=&#8221;off&#8221; button_bg_color__hover_enabled=&#8221;off&#8221; button_one_bg_color__hover_enabled=&#8221;off&#8221; button_two_bg_color__hover_enabled=&#8221;off&#8221;][\/et_pb_contact_field][et_pb_contact_field field_id=&#8221;Municipi&#8221; field_title=&#8221;Municipio&#8221; _builder_version=&#8221;4.22.2&#8243; global_colors_info=&#8221;{}&#8221; button_text_size__hover_enabled=&#8221;off&#8221; button_one_text_size__hover_enabled=&#8221;off&#8221; button_two_text_size__hover_enabled=&#8221;off&#8221; button_text_color__hover_enabled=&#8221;off&#8221; button_one_text_color__hover_enabled=&#8221;off&#8221; button_two_text_color__hover_enabled=&#8221;off&#8221; button_border_width__hover_enabled=&#8221;off&#8221; button_one_border_width__hover_enabled=&#8221;off&#8221; button_two_border_width__hover_enabled=&#8221;off&#8221; button_border_color__hover_enabled=&#8221;off&#8221; button_one_border_color__hover_enabled=&#8221;off&#8221; button_two_border_color__hover_enabled=&#8221;off&#8221; button_border_radius__hover_enabled=&#8221;off&#8221; button_one_border_radius__hover_enabled=&#8221;off&#8221; button_two_border_radius__hover_enabled=&#8221;off&#8221; button_letter_spacing__hover_enabled=&#8221;off&#8221; button_one_letter_spacing__hover_enabled=&#8221;off&#8221; button_two_letter_spacing__hover_enabled=&#8221;off&#8221; button_bg_color__hover_enabled=&#8221;off&#8221; button_one_bg_color__hover_enabled=&#8221;off&#8221; button_two_bg_color__hover_enabled=&#8221;off&#8221;][\/et_pb_contact_field][et_pb_contact_field field_id=&#8221;Missatge&#8221; field_title=&#8221;Escribe aqu\u00ed tu mensaje&#8221; field_type=&#8221;text&#8221; fullwidth_field=&#8221;on&#8221; _builder_version=&#8221;4.22.2&#8243; global_colors_info=&#8221;{}&#8221; button_text_size__hover_enabled=&#8221;off&#8221; button_one_text_size__hover_enabled=&#8221;off&#8221; button_two_text_size__hover_enabled=&#8221;off&#8221; button_text_color__hover_enabled=&#8221;off&#8221; button_one_text_color__hover_enabled=&#8221;off&#8221; button_two_text_color__hover_enabled=&#8221;off&#8221; button_border_width__hover_enabled=&#8221;off&#8221; button_one_border_width__hover_enabled=&#8221;off&#8221; button_two_border_width__hover_enabled=&#8221;off&#8221; button_border_color__hover_enabled=&#8221;off&#8221; button_one_border_color__hover_enabled=&#8221;off&#8221; button_two_border_color__hover_enabled=&#8221;off&#8221; button_border_radius__hover_enabled=&#8221;off&#8221; button_one_border_radius__hover_enabled=&#8221;off&#8221; button_two_border_radius__hover_enabled=&#8221;off&#8221; button_letter_spacing__hover_enabled=&#8221;off&#8221; button_one_letter_spacing__hover_enabled=&#8221;off&#8221; button_two_letter_spacing__hover_enabled=&#8221;off&#8221; button_bg_color__hover_enabled=&#8221;off&#8221; button_one_bg_color__hover_enabled=&#8221;off&#8221; button_two_bg_color__hover_enabled=&#8221;off&#8221;][\/et_pb_contact_field][et_pb_contact_field field_id=&#8221;Field_7&#8243; field_title=&#8221; &#8221; field_type=&#8221;checkbox&#8221; checkbox_options=&#8221;%91{%22value%22:%22He le\u00eddo y acepto la pol\u00edtica de privacidad.%22,%22checked%22:0,%22dragID%22:0,%22link_url%22:%22https:\\\/\\\/tanatorismena.com\\\/politica-de-privadesa%22}%93&#8243; fullwidth_field=&#8221;on&#8221; _builder_version=&#8221;4.23&#8243; _module_preset=&#8221;default&#8221; global_colors_info=&#8221;{}&#8221;][\/et_pb_contact_field][\/et_pb_contact_form][\/et_pb_column][\/et_pb_row][et_pb_row make_equal=&#8221;on&#8221; _builder_version=&#8221;4.22.2&#8243; _module_preset=&#8221;default&#8221; width=&#8221;85%&#8221; custom_padding=&#8221;40px||54px||false|&#8221; global_colors_info=&#8221;{}&#8221;][et_pb_column type=&#8221;4_4&#8243; _builder_version=&#8221;4.22.2&#8243; _module_preset=&#8221;default&#8221; global_colors_info=&#8221;{}&#8221;][et_pb_text _builder_version=&#8221;4.23&#8243; _module_preset=&#8221;default&#8221; text_font=&#8221;Suez One||||||||&#8221; text_font_size=&#8221;35px&#8221; text_line_height=&#8221;1.2em&#8221; global_colors_info=&#8221;{}&#8221;]<\/p>\n<p style=\"text-align: center;\">La funeraria de siempre de nuestras comarcas<\/p>\n<p>[\/et_pb_text][\/et_pb_column][\/et_pb_row][\/et_pb_section][et_pb_section fb_built=&#8221;1&#8243; _builder_version=&#8221;4.22.2&#8243; _module_preset=&#8221;default&#8221; background_color=&#8221;#004161&#8243; custom_padding=&#8221;19px||19px||true|&#8221; global_colors_info=&#8221;{}&#8221;][et_pb_row _builder_version=&#8221;4.22.2&#8243; _module_preset=&#8221;default&#8221; custom_padding=&#8221;12px||9px|||&#8221; global_colors_info=&#8221;{}&#8221;][et_pb_column type=&#8221;4_4&#8243; _builder_version=&#8221;4.22.2&#8243; _module_preset=&#8221;default&#8221; global_colors_info=&#8221;{}&#8221;][et_pb_text _builder_version=&#8221;4.23&#8243; _module_preset=&#8221;default&#8221; text_font=&#8221;|300|||||||&#8221; text_text_color=&#8221;#FFFFFF&#8221; text_font_size=&#8221;16px&#8221; custom_margin=&#8221;||12px|||&#8221; global_colors_info=&#8221;{}&#8221;]<\/p>\n<p style=\"text-align: center;\"><span style=\"color: #ffffff;\"><a style=\"color: #ffffff;\" href=\"https:\/\/tanatorismena.com\/es\/politica-de-privadesa\/\">Aviso legal, pol\u00edtica de privacidad y de cookies<\/a><\/span><\/p>\n<p>[\/et_pb_text][et_pb_text _builder_version=&#8221;4.23.1&#8243; _module_preset=&#8221;default&#8221; text_font=&#8221;|300|||||||&#8221; text_text_color=&#8221;#FFFFFF&#8221; text_font_size=&#8221;16px&#8221; global_colors_info=&#8221;{}&#8221;]<\/p>\n<p style=\"text-align: center;\"><span style=\"color: #ffffff;\"><b>\u00a9 <\/b>Mena Serveis Funeraris | 2023 | por <a style=\"color: #ffffff;\" href=\"https:\/\/julialarrosa.com\" target=\"_blank\" rel=\"noopener\">J\u00falia Larrosa<\/a> y <a style=\"color: #ffffff;\" href=\"https:\/\/elfarcooperatiu.cat\" target=\"_blank\" rel=\"noopener\">El Far Cooperatiu<\/a><\/span><\/p>\n<p>[\/et_pb_text][\/et_pb_column][\/et_pb_row][\/et_pb_section]<\/p>\n","protected":false},"excerpt":{"rendered":"<p>PedirpresupuestoSin intermediariosy desde la transparenciaAsistencia 24 horaslos 365 dias del a\u00f1o.PedirpresupuestoSin intermediarios y desde la transparenciaAsistencia 24 horas los 365 d\u00edas del a\u00f1o.La funeraria de siempre de nuestras comarcasAviso legal, pol\u00edtica de privacidad y de cookies\u00a9 Mena Serveis Funeraris | 2023 | por J\u00falia Larrosa y El Far Cooperatiu<\/p>\n","protected":false},"author":1,"featured_media":0,"parent":0,"menu_order":0,"comment_status":"closed","ping_status":"closed","template":"","meta":{"_et_pb_use_builder":"on","_et_pb_old_content":"","_et_gb_content_width":"","footnotes":""},"class_list":["post-574","page","type-page","status-publish","hentry"],"yoast_head":"<!-- This site is optimized with the Yoast SEO plugin v23.6 - https:\/\/yoast.com\/wordpress\/plugins\/seo\/ -->\n<title>Pedir presupuesto - Mena<\/title>\n<meta name=\"description\" content=\"La funeraria de siempre de nuestras comarcas. Ofrecemos un servicio integral del proceso funerario desde la proximidad y la profesionalidad.\" \/>\n<meta name=\"robots\" content=\"index, follow, max-snippet:-1, max-image-preview:large, max-video-preview:-1\" \/>\n<link rel=\"canonical\" href=\"https:\/\/tanatorismena.com\/es\/pedir-presupuesto\/\" \/>\n<meta property=\"og:locale\" content=\"es_ES\" \/>\n<meta property=\"og:type\" content=\"article\" \/>\n<meta property=\"og:title\" content=\"Pedir presupuesto - Mena\" \/>\n<meta property=\"og:description\" content=\"La funeraria de siempre de nuestras comarcas. Ofrecemos un servicio integral del proceso funerario desde la proximidad y la profesionalidad.\" \/>\n<meta property=\"og:url\" content=\"https:\/\/tanatorismena.com\/es\/pedir-presupuesto\/\" \/>\n<meta property=\"og:site_name\" content=\"Mena\" \/>\n<meta property=\"article:modified_time\" content=\"2024-06-26T08:14:20+00:00\" \/>\n<meta property=\"og:image\" content=\"https:\/\/tanatorismena.com\/wp-content\/uploads\/2023\/11\/mena-logobeix-menu.png\" \/>\n\t<meta property=\"og:image:width\" content=\"709\" \/>\n\t<meta property=\"og:image:height\" content=\"244\" \/>\n\t<meta property=\"og:image:type\" content=\"image\/png\" \/>\n<meta name=\"twitter:card\" content=\"summary_large_image\" \/>\n<meta name=\"twitter:label1\" content=\"Tiempo de lectura\" \/>\n\t<meta name=\"twitter:data1\" content=\"9 minutos\" \/>\n<script type=\"application\/ld+json\" class=\"yoast-schema-graph\">{\"@context\":\"https:\/\/schema.org\",\"@graph\":[{\"@type\":\"WebPage\",\"@id\":\"https:\/\/tanatorismena.com\/es\/pedir-presupuesto\/\",\"url\":\"https:\/\/tanatorismena.com\/es\/pedir-presupuesto\/\",\"name\":\"Pedir presupuesto - Mena\",\"isPartOf\":{\"@id\":\"https:\/\/tanatorismena.com\/es\/#website\"},\"datePublished\":\"2023-10-14T10:58:06+00:00\",\"dateModified\":\"2024-06-26T08:14:20+00:00\",\"description\":\"La funeraria de siempre de nuestras comarcas. Ofrecemos un servicio integral del proceso funerario desde la proximidad y la profesionalidad.\",\"breadcrumb\":{\"@id\":\"https:\/\/tanatorismena.com\/es\/pedir-presupuesto\/#breadcrumb\"},\"inLanguage\":\"es\",\"potentialAction\":[{\"@type\":\"ReadAction\",\"target\":[\"https:\/\/tanatorismena.com\/es\/pedir-presupuesto\/\"]}]},{\"@type\":\"BreadcrumbList\",\"@id\":\"https:\/\/tanatorismena.com\/es\/pedir-presupuesto\/#breadcrumb\",\"itemListElement\":[{\"@type\":\"ListItem\",\"position\":1,\"name\":\"Inici\",\"item\":\"https:\/\/tanatorismena.com\/es\/\"},{\"@type\":\"ListItem\",\"position\":2,\"name\":\"Pedir presupuesto\"}]},{\"@type\":\"WebSite\",\"@id\":\"https:\/\/tanatorismena.com\/es\/#website\",\"url\":\"https:\/\/tanatorismena.com\/es\/\",\"name\":\"Mena - serveis funeraris\",\"description\":\"Serveis funeraris\",\"publisher\":{\"@id\":\"https:\/\/tanatorismena.com\/es\/#organization\"},\"alternateName\":\"Funer\u00e0ria Mena\",\"potentialAction\":[{\"@type\":\"SearchAction\",\"target\":{\"@type\":\"EntryPoint\",\"urlTemplate\":\"https:\/\/tanatorismena.com\/es\/?s={search_term_string}\"},\"query-input\":{\"@type\":\"PropertyValueSpecification\",\"valueRequired\":true,\"valueName\":\"search_term_string\"}}],\"inLanguage\":\"es\"},{\"@type\":\"Organization\",\"@id\":\"https:\/\/tanatorismena.com\/es\/#organization\",\"name\":\"Funer\u00e0ria Mena\",\"alternateName\":\"Funer\u00e0ria Mena\",\"url\":\"https:\/\/tanatorismena.com\/es\/\",\"logo\":{\"@type\":\"ImageObject\",\"inLanguage\":\"es\",\"@id\":\"https:\/\/tanatorismena.com\/es\/#\/schema\/logo\/image\/\",\"url\":\"https:\/\/tanatorismena.com\/wp-content\/uploads\/2023\/11\/mena-logobeix-menu.png\",\"contentUrl\":\"https:\/\/tanatorismena.com\/wp-content\/uploads\/2023\/11\/mena-logobeix-menu.png\",\"width\":709,\"height\":244,\"caption\":\"Funer\u00e0ria Mena\"},\"image\":{\"@id\":\"https:\/\/tanatorismena.com\/es\/#\/schema\/logo\/image\/\"}}]}<\/script>\n<!-- \/ Yoast SEO plugin. -->","yoast_head_json":{"title":"Pedir presupuesto - Mena","description":"La funeraria de siempre de nuestras comarcas. Ofrecemos un servicio integral del proceso funerario desde la proximidad y la profesionalidad.","robots":{"index":"index","follow":"follow","max-snippet":"max-snippet:-1","max-image-preview":"max-image-preview:large","max-video-preview":"max-video-preview:-1"},"canonical":"https:\/\/tanatorismena.com\/es\/pedir-presupuesto\/","og_locale":"es_ES","og_type":"article","og_title":"Pedir presupuesto - Mena","og_description":"La funeraria de siempre de nuestras comarcas. Ofrecemos un servicio integral del proceso funerario desde la proximidad y la profesionalidad.","og_url":"https:\/\/tanatorismena.com\/es\/pedir-presupuesto\/","og_site_name":"Mena","article_modified_time":"2024-06-26T08:14:20+00:00","og_image":[{"width":709,"height":244,"url":"https:\/\/tanatorismena.com\/wp-content\/uploads\/2023\/11\/mena-logobeix-menu.png","type":"image\/png"}],"twitter_card":"summary_large_image","twitter_misc":{"Tiempo de lectura":"9 minutos"},"schema":{"@context":"https:\/\/schema.org","@graph":[{"@type":"WebPage","@id":"https:\/\/tanatorismena.com\/es\/pedir-presupuesto\/","url":"https:\/\/tanatorismena.com\/es\/pedir-presupuesto\/","name":"Pedir presupuesto - Mena","isPartOf":{"@id":"https:\/\/tanatorismena.com\/es\/#website"},"datePublished":"2023-10-14T10:58:06+00:00","dateModified":"2024-06-26T08:14:20+00:00","description":"La funeraria de siempre de nuestras comarcas. Ofrecemos un servicio integral del proceso funerario desde la proximidad y la profesionalidad.","breadcrumb":{"@id":"https:\/\/tanatorismena.com\/es\/pedir-presupuesto\/#breadcrumb"},"inLanguage":"es","potentialAction":[{"@type":"ReadAction","target":["https:\/\/tanatorismena.com\/es\/pedir-presupuesto\/"]}]},{"@type":"BreadcrumbList","@id":"https:\/\/tanatorismena.com\/es\/pedir-presupuesto\/#breadcrumb","itemListElement":[{"@type":"ListItem","position":1,"name":"Inici","item":"https:\/\/tanatorismena.com\/es\/"},{"@type":"ListItem","position":2,"name":"Pedir presupuesto"}]},{"@type":"WebSite","@id":"https:\/\/tanatorismena.com\/es\/#website","url":"https:\/\/tanatorismena.com\/es\/","name":"Mena - serveis funeraris","description":"Serveis funeraris","publisher":{"@id":"https:\/\/tanatorismena.com\/es\/#organization"},"alternateName":"Funer\u00e0ria Mena","potentialAction":[{"@type":"SearchAction","target":{"@type":"EntryPoint","urlTemplate":"https:\/\/tanatorismena.com\/es\/?s={search_term_string}"},"query-input":{"@type":"PropertyValueSpecification","valueRequired":true,"valueName":"search_term_string"}}],"inLanguage":"es"},{"@type":"Organization","@id":"https:\/\/tanatorismena.com\/es\/#organization","name":"Funer\u00e0ria Mena","alternateName":"Funer\u00e0ria Mena","url":"https:\/\/tanatorismena.com\/es\/","logo":{"@type":"ImageObject","inLanguage":"es","@id":"https:\/\/tanatorismena.com\/es\/#\/schema\/logo\/image\/","url":"https:\/\/tanatorismena.com\/wp-content\/uploads\/2023\/11\/mena-logobeix-menu.png","contentUrl":"https:\/\/tanatorismena.com\/wp-content\/uploads\/2023\/11\/mena-logobeix-menu.png","width":709,"height":244,"caption":"Funer\u00e0ria Mena"},"image":{"@id":"https:\/\/tanatorismena.com\/es\/#\/schema\/logo\/image\/"}}]}},"_links":{"self":[{"href":"https:\/\/tanatorismena.com\/es\/wp-json\/wp\/v2\/pages\/574","targetHints":{"allow":["GET"]}}],"collection":[{"href":"https:\/\/tanatorismena.com\/es\/wp-json\/wp\/v2\/pages"}],"about":[{"href":"https:\/\/tanatorismena.com\/es\/wp-json\/wp\/v2\/types\/page"}],"author":[{"embeddable":true,"href":"https:\/\/tanatorismena.com\/es\/wp-json\/wp\/v2\/users\/1"}],"replies":[{"embeddable":true,"href":"https:\/\/tanatorismena.com\/es\/wp-json\/wp\/v2\/comments?post=574"}],"version-history":[{"count":5,"href":"https:\/\/tanatorismena.com\/es\/wp-json\/wp\/v2\/pages\/574\/revisions"}],"predecessor-version":[{"id":717,"href":"https:\/\/tanatorismena.com\/es\/wp-json\/wp\/v2\/pages\/574\/revisions\/717"}],"wp:attachment":[{"href":"https:\/\/tanatorismena.com\/es\/wp-json\/wp\/v2\/media?parent=574"}],"curies":[{"name":"wp","href":"https:\/\/api.w.org\/{rel}","templated":true}]}}